{"id":2280,"date":"2025-11-22T16:40:34","date_gmt":"2025-11-22T16:40:34","guid":{"rendered":"https:\/\/renlink.es\/?page_id=2280"},"modified":"2025-12-07T22:38:41","modified_gmt":"2025-12-07T22:38:41","slug":"servicios-seleccion-talento","status":"publish","type":"page","link":"https:\/\/renlink.es\/es_es\/servicios-seleccion-talento\/","title":{"rendered":"Selecci\u00f3n de talento"},"content":{"rendered":"\n<div class=\"wp-block-uagb-container uagb-block-cef93154 alignfull uagb-is-root-container\">\n<div class=\"wp-block-uagb-advanced-heading uagb-block-ee43a231\"><h1 class=\"uagb-heading-text\">Nuestros servicios<\/h1><\/div>\n<\/div>\n\n\n\n<div class=\"wp-block-uagb-container uagb-block-4497358a alignfull uagb-is-root-container\"><div class=\"uagb-container-inner-blocks-wrap\">\n<div class=\"wp-block-uagb-advanced-heading uagb-block-c8ad3554\"><h2 class=\"uagb-heading-text\">.<\/h2><\/div>\n<\/div><\/div>\n\n\n\n<div class=\"wp-block-uagb-container uagb-block-ca134fa2 alignfull uagb-is-root-container\"><div class=\"uagb-container-inner-blocks-wrap\">\n<header class=\"wp-block-uagb-advanced-heading uagb-block-5e7c591c\"><h2 class=\"uagb-heading-text\">Tu crecimiento empieza con las personas que eliges<\/h2><\/header>\n\n\n\n<p><\/p>\n\n\n\n<div class=\"wp-block-uagb-advanced-heading uagb-block-ece89b68\"><h2 class=\"uagb-heading-text\">Te ayudamos a encontrarlas<\/h2><\/div>\n<\/div><\/div>\n\n\n\n<div class=\"wp-block-uagb-container uagb-block-fa8688e6 alignfull uagb-is-root-container\"><div class=\"uagb-container-inner-blocks-wrap\">\n<div class=\"wp-block-uagb-advanced-heading uagb-block-0cc21fb9\"><h2 class=\"uagb-heading-text\">.<\/h2><\/div>\n<\/div><\/div>\n\n\n\n<div class=\"wp-block-uagb-container uagb-block-f2b997b7 alignfull uagb-is-root-container\"><div class=\"uagb-container__video-wrap\"><video autoplay loop muted playsinline><source src=\"https:\/\/renlink.es\/wp-content\/uploads\/2025\/11\/298812.mp4\" type=\"video\/mp4\"\/><\/video><\/div><div class=\"uagb-container-inner-blocks-wrap\">\n<div class=\"wp-block-uagb-container uagb-block-d86998f3\">\n<div class=\"wp-block-uagb-advanced-heading uagb-block-3ed7f567\"><h2 class=\"uagb-heading-text\">En 14 d\u00edas y en 4 pasos<\/h2><\/div>\n\n\n<div class=\"align wp-block-tlgb-b-timeline-block\" id='BTimelineBlock-1'\r\n  data-attributes='{&quot;timelines&quot;:[{&quot;icon&quot;:&quot;&lt;svg xmlns=&#039;http:\\\/\\\/www.w3.org\\\/2000\\\/svg&#039; viewBox=&#039;0 0 448 512&#039;&gt;&lt;path d=&#039;M64 32C28.7 32 0 60.7 0 96V416c0 35.3 28.7 64 64 64h98.2V334.2H109.4V256h52.8V222.3c0-87.1 39.4-127.5 125-127.5c16.2 0 44.2 3.2 55.7 6.4V172c-6-.6-16.5-1-29.6-1c-42 0-58.2 15.9-58.2 57.2V256h83.6l-14.4 78.2H255V480H384c35.3 0 64-28.7 64-64V96c0-35.3-28.7-64-64-64H64z&#039;\\\/&gt;&lt;\\\/svg&gt;&quot;,&quot;date&quot;:&quot;2002&quot;,&quot;label&quot;:&quot;Recibimos tu solicitud&quot;,&quot;description&quot;:&quot;En cuanto recibimos la petici\\u00f3n, nuestro equipo se pondr\\u00e1 en contacto contigo para conocer los detalles iniciales y acompa\\u00f1arte desde el primer momento.&quot;,&quot;isAddTinyEditor&quot;:false},{&quot;icon&quot;:&quot;&lt;svg xmlns=&#039;http:\\\/\\\/www.w3.org\\\/2000\\\/svg&#039; viewBox=&#039;0 0 16 16&#039; id=&#039;instagram&#039;&gt;&lt;path d=&#039;M8 0C5.829 0 5.556.01 4.703.048 3.85.088 3.269.222 2.76.42a3.9 3.9 0 0 0-1.417.923A3.9 3.9 0 0 0 .42 2.76C.222 3.268.087 3.85.048 4.7.01 5.555 0 5.827 0 8.001c0 2.172.01 2.444.048 3.297.04.852.174 1.433.372 1.942.205.526.478.972.923 1.417.444.445.89.719 1.416.923.51.198 1.09.333 1.942.372C5.555 15.99 5.827 16 8 16s2.444-.01 3.298-.048c.851-.04 1.434-.174 1.943-.372a3.9 3.9 0 0 0 1.416-.923c.445-.445.718-.891.923-1.417.197-.509.332-1.09.372-1.942C15.99 10.445 16 10.173 16 8s-.01-2.445-.048-3.299c-.04-.851-.175-1.433-.372-1.941a3.9 3.9 0 0 0-.923-1.417A3.9 3.9 0 0 0 13.24.42c-.51-.198-1.092-.333-1.943-.372C10.443.01 10.172 0 7.998 0zm-.717 1.442h.718c2.136 0 2.389.007 3.232.046.78.035 1.204.166 1.486.275.373.145.64.319.92.599s.453.546.598.92c.11.281.24.705.275 1.485.039.843.047 1.096.047 3.231s-.008 2.389-.047 3.232c-.035.78-.166 1.203-.275 1.485a2.5 2.5 0 0 1-.599.919c-.28.28-.546.453-.92.598-.28.11-.704.24-1.485.276-.843.038-1.096.047-3.232.047s-2.39-.009-3.233-.047c-.78-.036-1.203-.166-1.485-.276a2.5 2.5 0 0 1-.92-.598 2.5 2.5 0 0 1-.6-.92c-.109-.281-.24-.705-.275-1.485-.038-.843-.046-1.096-.046-3.233s.008-2.388.046-3.231c.036-.78.166-1.204.276-1.486.145-.373.319-.64.599-.92s.546-.453.92-.598c.282-.11.705-.24 1.485-.276.738-.034 1.024-.044 2.515-.045zm4.988 1.328a.96.96 0 1 0 0 1.92.96.96 0 0 0 0-1.92m-4.27 1.122a4.109 4.109 0 1 0 0 8.217 4.109 4.109 0 0 0 0-8.217m0 1.441a2.667 2.667 0 1 1 0 5.334 2.667 2.667 0 0 1 0-5.334&#039;\\\/&gt;&lt;\\\/svg&gt;&quot;,&quot;date&quot;:&quot;2003&quot;,&quot;label&quot;:&quot;Te comprendemos&quot;,&quot;description&quot;:&quot;Profundizamos en la realidad de tu empresa: cultura, necesidades, objetivo del puesto y competencias clave. As\\u00ed aseguramos entender qu\\u00e9 talento necesitas y por qu\\u00e9.&quot;,&quot;isAddTinyEditor&quot;:false},{&quot;icon&quot;:&quot;&lt;svg xmlns=&#039;http:\\\/\\\/www.w3.org\\\/2000\\\/svg&#039; viewBox=&#039;0 0 448 512&#039;&gt;&lt;path d=&#039;M64 32C28.7 32 0 60.7 0 96V416c0 35.3 28.7 64 64 64H384c35.3 0 64-28.7 64-64V96c0-35.3-28.7-64-64-64H64zM351.3 199.3v0c0 86.7-66 186.6-186.6 186.6c-37.2 0-71.7-10.8-100.7-29.4c5.3 .6 10.4 .8 15.8 .8c30.7 0 58.9-10.4 81.4-28c-28.8-.6-53-19.5-61.3-45.5c10.1 1.5 19.2 1.5 29.6-1.2c-30-6.1-52.5-32.5-52.5-64.4v-.8c8.7 4.9 18.9 7.9 29.6 8.3c-9-6-16.4-14.1-21.5-23.6s-7.8-20.2-7.7-31c0-12.2 3.2-23.4 8.9-33.1c32.3 39.8 80.8 65.8 135.2 68.6c-9.3-44.5 24-80.6 64-80.6c18.9 0 35.9 7.9 47.9 20.7c14.8-2.8 29-8.3 41.6-15.8c-4.9 15.2-15.2 28-28.8 36.1c13.2-1.4 26-5.1 37.8-10.2c-8.9 13.1-20.1 24.7-32.9 34c.2 2.8 .2 5.7 .2 8.5z&#039;\\\/&gt;&lt;\\\/svg&gt;&quot;,&quot;date&quot;:&quot;2004&quot;,&quot;label&quot;:&quot;Evaluamos todas las candidaturas&quot;,&quot;description&quot;:&quot;Realizamos un an\\u00e1lisis completo, objetivo y transparente de cada candidatura, garantizando un proceso inclusivo, profesional y alineado con los valores de tu organizaci\\u00f3n.&quot;,&quot;isAddTinyEditor&quot;:false},{&quot;icon&quot;:&quot;&lt;svg xmlns=&#039;http:\\\/\\\/www.w3.org\\\/2000\\\/svg&#039; viewBox=&#039;0 0 448 512&#039;&gt;&lt;path d=&#039;M64 32C28.7 32 0 60.7 0 96V416c0 35.3 28.7 64 64 64h98.2V334.2H109.4V256h52.8V222.3c0-87.1 39.4-127.5 125-127.5c16.2 0 44.2 3.2 55.7 6.4V172c-6-.6-16.5-1-29.6-1c-42 0-58.2 15.9-58.2 57.2V256h83.6l-14.4 78.2H255V480H384c35.3 0 64-28.7 64-64V96c0-35.3-28.7-64-64-64H64z&#039;\\\/&gt;&lt;\\\/svg&gt;&quot;,&quot;date&quot;:&quot;02-02-2002&quot;,&quot;label&quot;:&quot;Te presentamos a las mejores opciones&quot;,&quot;description&quot;:&quot;Te compartimos una lista cuidadosamente seleccionada con las personas candidatas que mejor se ajustan a lo que buscas, facilit\\u00e1ndote toda la informaci\\u00f3n necesaria para tomar la mejor decisi\\u00f3n.&quot;,&quot;isAddTinyEditor&quot;:false}],&quot;itemColor&quot;:&quot;var(--ast-global-color-7)&quot;,&quot;align&quot;:&quot;&quot;,&quot;type&quot;:&quot;vertical&quot;,&quot;itemPosition&quot;:&quot;right&quot;,&quot;labelLocation&quot;:&quot;right&quot;,&quot;startIndex&quot;:1,&quot;vigibleItems&quot;:4,&quot;moveItem&quot;:2,&quot;verticalTrigger&quot;:&quot;150px&quot;,&quot;rtlMode&quot;:false,&quot;barBackground&quot;:&quot;#dddddd&quot;,&quot;barDotColor&quot;:&quot;#dddddd&quot;,&quot;itemBg&quot;:&quot;#ffffff&quot;,&quot;itemTypo&quot;:{&quot;fontSize&quot;:{&quot;desktop&quot;:14,&quot;tablet&quot;:14,&quot;mobile&quot;:14}},&quot;horizontalDatePosition&quot;:&quot;bottom&quot;,&quot;itemBorder&quot;:{&quot;width&quot;:&quot;1px&quot;,&quot;color&quot;:&quot;#cccccc&quot;},&quot;contentBorder&quot;:{&quot;width&quot;:&quot;1px&quot;,&quot;style&quot;:&quot;solid&quot;,&quot;color&quot;:&quot;#72aee6&quot;},&quot;labelTypo&quot;:{&quot;fontSize&quot;:{&quot;desktop&quot;:16,&quot;tablet&quot;:16,&quot;mobile&quot;:16}},&quot;labelColor&quot;:&quot;#222222&quot;,&quot;theme&quot;:&quot;default&quot;,&quot;timelineBar&quot;:{&quot;width&quot;:&quot;3px&quot;,&quot;dotSize&quot;:20,&quot;progressBarbgColor&quot;:{&quot;color&quot;:&quot;linear-gradient(to bottom, #ff6a00, #ee0979)&quot;}},&quot;dateStyles&quot;:{&quot;dateTypo&quot;:{&quot;fontSize&quot;:{&quot;desktop&quot;:14,&quot;tablet&quot;:14,&quot;mobile&quot;:14}},&quot;dateColor&quot;:&quot;black&quot;,&quot;dateContainerSize&quot;:50,&quot;dateBg&quot;:{&quot;color&quot;:&quot;#06b6d4&quot;}},&quot;iconStyles&quot;:{&quot;iconColor&quot;:&quot;orangered&quot;,&quot;iconColorHover&quot;:&quot;red&quot;,&quot;iconSize&quot;:40,&quot;iconContainerSize&quot;:40,&quot;background&quot;:{&quot;normal&quot;:{&quot;color&quot;:&quot;white&quot;},&quot;hover&quot;:{&quot;color&quot;:&quot;red&quot;}},&quot;borderControl&quot;:{&quot;width&quot;:&quot;1px&quot;,&quot;color&quot;:&quot;rgba(18, 235, 195, 1)&quot;,&quot;style&quot;:&quot;inset&quot;},&quot;iconBorderHover&quot;:&quot;1px solid #efefef&quot;},&quot;theme8CardBorder&quot;:{&quot;width&quot;:&quot;3px&quot;,&quot;style&quot;:&quot;solid&quot;,&quot;color&quot;:&quot;#111111&quot;},&quot;theme8CardShadow&quot;:{&quot;offsetX&quot;:5,&quot;offsetY&quot;:5,&quot;color&quot;:&quot;#111111&quot;},&quot;theme8Animation&quot;:{&quot;enabled&quot;:true,&quot;type&quot;:&quot;slide-up&quot;,&quot;duration&quot;:600,&quot;delay&quot;:120},&quot;theme3Animation&quot;:{&quot;enabled&quot;:true,&quot;type&quot;:&quot;slide-up&quot;,&quot;duration&quot;:600,&quot;delay&quot;:120},&quot;theme5Animation&quot;:{&quot;enabled&quot;:true,&quot;type&quot;:&quot;slide-up&quot;,&quot;duration&quot;:600,&quot;delay&quot;:120},&quot;theme4Animation&quot;:{&quot;enabled&quot;:true,&quot;type&quot;:&quot;slide-up&quot;,&quot;duration&quot;:600,&quot;delay&quot;:120},&quot;accordionAnimation&quot;:{&quot;enabled&quot;:true,&quot;type&quot;:&quot;slide-up&quot;,&quot;duration&quot;:600,&quot;delay&quot;:120},&quot;theme9Animation&quot;:{&quot;enabled&quot;:true,&quot;type&quot;:&quot;slide-up&quot;,&quot;duration&quot;:600,&quot;delay&quot;:120},&quot;theme9CenturyStyles&quot;:{&quot;color&quot;:&quot;#ffffff&quot;,&quot;bg&quot;:&quot;#1a1a1a&quot;,&quot;borderColor&quot;:&quot;#ffffff&quot;,&quot;borderWidth&quot;:4,&quot;borderRadius&quot;:50,&quot;centuryTypo&quot;:{&quot;fontSize&quot;:{&quot;desktop&quot;:24,&quot;tablet&quot;:24,&quot;mobile&quot;:20}}},&quot;TrpContentRestriction&quot;:{&quot;restriction_type&quot;:&quot;exclude&quot;,&quot;selected_languages&quot;:[],&quot;panel_open&quot;:true}}'><\/div>\n\n\n<div data-aos= \"fade\" data-aos-duration=\"400\" data-aos-delay=\"0\" data-aos-easing=\"ease\" data-aos-once=\"true\" class=\"wp-block-uagb-marketing-button uagb-marketing-btn__align-center uagb-marketing-btn__align-text-center uagb-marketing-btn__icon-after uagb-block-40fcaab4 wp-block-button\"><a href=\"https:\/\/renlink.es\/contacto\/\" class=\"uagb-marketing-btn__link wp-block-button__link\" target=\"_blank\" rel=\"noopener noreferrer\"><h3 class=\"uagb-marketing-btn__title\">CONT\u00c1CTANOS<\/h3><p class=\"uagb-marketing-btn__prefix\"><\/p><\/a><\/div>\n<\/div>\n<\/div><\/div>\n\n\n\n<div class=\"wp-block-uagb-container uagb-block-4ab69b23 alignfull uagb-is-root-container\"><div class=\"uagb-container-inner-blocks-wrap\">\n<div class=\"wp-block-group is-nowrap is-layout-flex wp-container-core-group-is-layout-6c531013 wp-block-group-is-layout-flex\">\n<div class=\"wp-block-uagb-info-box uagb-block-c07886ce uagb-infobox__content-wrap  uagb-infobox-icon-above-title uagb-infobox-image-valign-top\"><div class=\"uagb-ifb-content\"><div class=\"uagb-ifb-title-wrap\"><h3 class=\"uagb-ifb-title-prefix\">Haz crecer tu empresa desde las personas<\/h3><h2 class=\"uagb-ifb-title\">Potencia tu cultura, potencia tu talento.<\/h2><\/div><p class=\"uagb-ifb-desc\">Estudios de consultoras como <strong>Gallup<\/strong>, <strong>Deloitte<\/strong> o <strong>McKinsey<\/strong> coinciden en una conclusi\u00f3n clara: las organizaciones con una cultura s\u00f3lida, coherente y bien comunicada atraen mejor al talento, generan mayor compromiso y logran una mayor permanencia de sus equipos.<br><br>En RenLink te ayudamos a identificar aquello que hace \u00fanica a tu empresa y a proyectarlo hacia dentro y hacia fuera, fortaleciendo tu marca empleadora y creando entornos donde las personas quieran crecer, aportar y quedarse.<\/p><\/div><\/div>\n\n\n\n<div class=\"wp-block-uagb-slider uagb-block-7e1f1fe6 uagb-slider-container\"><div class=\"uagb-slides uagb-swiper\"><div class=\"swiper-wrapper\">\n<div class=\"wp-block-uagb-slider-child uagb-slider-child-wrap swiper-slide uagb-block-b912bdcc\"><div class=\"swiper-content\">\n<div class=\"wp-block-uagb-container uagb-block-c1e472e9\">\n<div class=\"wp-block-uagb-info-box uagb-block-b26e1f9b uagb-infobox__content-wrap  uagb-infobox-icon-above-title uagb-infobox-image-valign-top\"><div class=\"uagb-ifb-content\"><div class=\"uagb-ifb-title-wrap\"><h3 class=\"uagb-ifb-title\"><strong>Employer Branding y Cultura Organizacional<\/strong><\/h3><\/div><p class=\"uagb-ifb-desc\">\u00bfQuieres que hablen de tu empresa\u2026 y para bien?<br>\u00bfSientes que tu marca pasa desapercibida frente a tus competidores?<br><br>Dise\u00f1amos una marca empleadora fresca, atractiva y capaz de generar conversaci\u00f3n con el talento joven que buscas.<\/p><div class=\"uagb-ifb-button-wrapper wp-block-button\"><a href=\"https:\/\/renlink.es\/servicios-marca-empleadora\/\" class=\"uagb-infobox-cta-link wp-block-button__link\" target=\"_self\" rel=\"noopener noreferrer\" onclick=\"return true;\"><span class=\"uagb-inline-editing\">M\u00e1s informaci\u00f3n<\/span><\/a><\/div><\/div><\/div>\n<\/div>\n<\/div><\/div>\n\n\n\n<div class=\"wp-block-uagb-slider-child uagb-slider-child-wrap swiper-slide uagb-block-db027844\"><div class=\"swiper-content\">\n<div class=\"wp-block-uagb-container uagb-block-a9b2c29a\">\n<div class=\"wp-block-uagb-info-box uagb-block-0d9ca5af uagb-infobox__content-wrap  uagb-infobox-icon-above-title uagb-infobox-image-valign-top\"><div class=\"uagb-ifb-content\"><div class=\"uagb-ifb-title-wrap\"><h3 class=\"uagb-ifb-title\"><strong><strong><strong>\u00bfNecesitas ayuda personalizada?<\/strong><\/strong><\/strong><\/h3><\/div><p class=\"uagb-ifb-desc\">Estamos aqu\u00ed para acompa\u00f1arte en cada paso. Si buscas apoyo en la atracci\u00f3n, selecci\u00f3n o gesti\u00f3n de talento, o simplemente quieres resolver una duda, nuestro equipo estar\u00e1 encantado de escucharte.<\/p><div class=\"uagb-ifb-button-wrapper wp-block-button\"><a href=\"https:\/\/renlink.es\/contacto\/\" class=\"uagb-infobox-cta-link wp-block-button__link\" target=\"_self\" rel=\"noopener noreferrer\" onclick=\"return true;\"><span class=\"uagb-inline-editing\">\u00bfEN QU\u00c9 TE PODEMOS AYUDAR?<\/span><\/a><\/div><\/div><\/div>\n<\/div>\n<\/div><\/div>\n<\/div><\/div><div class=\"swiper-pagination\"><\/div><div class=\"swiper-button-prev\"><\/div><div class=\"swiper-button-next\"><\/div><\/div>\n<\/div>\n<\/div><\/div>\n\n\n\n<div class=\"wp-block-group alignfull has-text-color has-background is-layout-flow wp-block-group-is-layout-flow\" style=\"color:#000000;background-color:#ffffff\">\n<div style=\"height:0px\" aria-hidden=\"true\" class=\"wp-block-spacer\"><\/div>\n\n\n\n<h2 class=\"wp-block-heading has-text-align-center\" id=\"schedule-a-visit\" style=\"font-size:50px;line-height:1.15\"><strong>\u00bfAlguna duda?<\/strong><\/h2>\n\n\n\n<div class=\"wp-block-buttons is-horizontal is-content-justification-center is-layout-flex wp-container-core-buttons-is-layout-03627597 wp-block-buttons-is-layout-flex\">\n<div class=\"wp-block-button has-custom-width wp-block-button__width-50 is-style-outline is-style-outline--2\" id=\"https:\/\/renlink.es\/contacto\/\"><a class=\"wp-block-button__link has-ast-global-color-3-background-color has-text-color has-background wp-element-button\" href=\"https:\/\/renlink.es\/contacto\/\" style=\"border-radius:50px;color:#ffffff\">CONT\u00c1CTANOS<\/a><\/div>\n\n\n\n<div class=\"wp-block-button has-custom-width wp-block-button__width-50\" id=\"https:\/\/renlink.es\/preguntas-frecuentes\/\"><a class=\"wp-block-button__link has-ast-global-color-3-background-color has-text-color has-background wp-element-button\" href=\"https:\/\/renlink.es\/preguntas-frecuentes\/\" style=\"border-radius:50px;color:#ffffff;padding-right:0;padding-left:0\">PreGUNTAS FRECUENTES<\/a><\/div>\n<\/div>\n\n\n\n<div style=\"height:64px\" aria-hidden=\"true\" class=\"wp-block-spacer\"><\/div>\n<\/div>\n","protected":false},"excerpt":{"rendered":"<p>Nuestros servicios . Tu crecimiento empieza con las personas que eliges Te ayudamos a encontrarlas . En 14 d\u00edas y en 4 pasos \u00bfAlguna duda?<\/p>\n","protected":false},"author":1,"featured_media":0,"parent":0,"menu_order":0,"comment_status":"closed","ping_status":"closed","template":"","meta":{"_uag_custom_page_level_css":"","site-sidebar-layout":"no-sidebar","site-content-layout":"plain-container","ast-site-content-layout":"normal-width-container","site-content-style":"unboxed","site-sidebar-style":"unboxed","ast-global-header-display":"","ast-banner-title-visibility":"","ast-main-header-display":"","ast-hfb-above-header-display":"","ast-hfb-below-header-display":"","ast-hfb-mobile-header-display":"","site-post-title":"disabled","ast-breadcrumbs-content":"","ast-featured-img":"disabled","footer-sml-layout":"","ast-disable-related-posts":"","theme-transparent-header-meta":"enabled","adv-header-id-meta":"","stick-header-meta":"","header-above-stick-meta":"","header-main-stick-meta":"","header-below-stick-meta":"","astra-migrate-meta-layouts":"set","ast-page-background-enabled":"default","ast-page-background-meta":{"desktop":{"background-color":"var(--ast-global-color-4)","background-image":"","background-repeat":"repeat","background-position":"center center","background-size":"auto","background-attachment":"scroll","background-type":"","background-media":"","overlay-type":"","overlay-color":"","overlay-opacity":"","overlay-gradient":""},"tablet":{"background-color":"","background-image":"","background-repeat":"repeat","background-position":"center center","background-size":"auto","background-attachment":"scroll","background-type":"","background-media":"","overlay-type":"","overlay-color":"","overlay-opacity":"","overlay-gradient":""},"mobile":{"background-color":"","background-image":"","background-repeat":"repeat","background-position":"center center","background-size":"auto","background-attachment":"scroll","background-type":"","background-media":"","overlay-type":"","overlay-color":"","overlay-opacity":"","overlay-gradient":""}},"ast-content-background-meta":{"desktop":{"background-color":"var(--ast-global-color-5)","background-image":"","background-repeat":"repeat","background-position":"center center","background-size":"auto","background-attachment":"scroll","background-type":"","background-media":"","overlay-type":"","overlay-color":"","overlay-opacity":"","overlay-gradient":""},"tablet":{"background-color":"var(--ast-global-color-5)","background-image":"","background-repeat":"repeat","background-position":"center center","background-size":"auto","background-attachment":"scroll","background-type":"","background-media":"","overlay-type":"","overlay-color":"","overlay-opacity":"","overlay-gradient":""},"mobile":{"background-color":"var(--ast-global-color-5)","background-image":"","background-repeat":"repeat","background-position":"center center","background-size":"auto","background-attachment":"scroll","background-type":"","background-media":"","overlay-type":"","overlay-color":"","overlay-opacity":"","overlay-gradient":""}},"footnotes":""},"class_list":["post-2280","page","type-page","status-publish","hentry"],"aioseo_notices":[],"yoast_head":"<!-- This site is optimized with the Yoast SEO plugin v27.4 - https:\/\/yoast.com\/product\/yoast-seo-wordpress\/ -->\n<title>Selecci\u00f3n de talento - renlink.es<\/title>\n<meta name=\"robots\" content=\"index, follow, max-snippet:-1, max-image-preview:large, max-video-preview:-1\" \/>\n<link rel=\"canonical\" href=\"https:\/\/renlink.es\/es_es\/servicios-seleccion-talento\/\" \/>\n<meta property=\"og:locale\" content=\"es_ES\" \/>\n<meta property=\"og:type\" content=\"article\" \/>\n<meta property=\"og:title\" content=\"Selecci\u00f3n de talento - renlink.es\" \/>\n<meta property=\"og:description\" content=\"Nuestros servicios . Tu crecimiento empieza con las personas que eliges Te ayudamos a encontrarlas . En 14 d\u00edas y en 4 pasos \u00bfAlguna duda?\" \/>\n<meta property=\"og:url\" content=\"https:\/\/renlink.es\/es_es\/servicios-seleccion-talento\/\" \/>\n<meta property=\"og:site_name\" content=\"renlink.es\" \/>\n<meta property=\"article:modified_time\" content=\"2025-12-07T22:38:41+00:00\" \/>\n<meta name=\"twitter:card\" content=\"summary_large_image\" \/>\n<meta name=\"twitter:label1\" content=\"Tiempo de lectura\" \/>\n\t<meta name=\"twitter:data1\" content=\"1 minuto\" \/>\n<script type=\"application\/ld+json\" class=\"yoast-schema-graph\">{\"@context\":\"https:\\\/\\\/schema.org\",\"@graph\":[{\"@type\":\"WebPage\",\"@id\":\"https:\\\/\\\/renlink.es\\\/servicios-seleccion-talento\\\/\",\"url\":\"https:\\\/\\\/renlink.es\\\/servicios-seleccion-talento\\\/\",\"name\":\"Selecci\u00f3n de talento - renlink.es\",\"isPartOf\":{\"@id\":\"https:\\\/\\\/renlink.es\\\/#website\"},\"datePublished\":\"2025-11-22T16:40:34+00:00\",\"dateModified\":\"2025-12-07T22:38:41+00:00\",\"breadcrumb\":{\"@id\":\"https:\\\/\\\/renlink.es\\\/servicios-seleccion-talento\\\/#breadcrumb\"},\"inLanguage\":\"es\",\"potentialAction\":[{\"@type\":\"ReadAction\",\"target\":[\"https:\\\/\\\/renlink.es\\\/servicios-seleccion-talento\\\/\"]}]},{\"@type\":\"BreadcrumbList\",\"@id\":\"https:\\\/\\\/renlink.es\\\/servicios-seleccion-talento\\\/#breadcrumb\",\"itemListElement\":[{\"@type\":\"ListItem\",\"position\":1,\"name\":\"Portada\",\"item\":\"https:\\\/\\\/renlink.es\\\/\"},{\"@type\":\"ListItem\",\"position\":2,\"name\":\"Selecci\u00f3n de talento\"}]},{\"@type\":\"WebSite\",\"@id\":\"https:\\\/\\\/renlink.es\\\/#website\",\"url\":\"https:\\\/\\\/renlink.es\\\/\",\"name\":\"renlink.es\",\"description\":\"\",\"publisher\":{\"@id\":\"https:\\\/\\\/renlink.es\\\/#organization\"},\"potentialAction\":[{\"@type\":\"SearchAction\",\"target\":{\"@type\":\"EntryPoint\",\"urlTemplate\":\"https:\\\/\\\/renlink.es\\\/?s={search_term_string}\"},\"query-input\":{\"@type\":\"PropertyValueSpecification\",\"valueRequired\":true,\"valueName\":\"search_term_string\"}}],\"inLanguage\":\"es\"},{\"@type\":\"Organization\",\"@id\":\"https:\\\/\\\/renlink.es\\\/#organization\",\"name\":\"renlink.es\",\"url\":\"https:\\\/\\\/renlink.es\\\/\",\"logo\":{\"@type\":\"ImageObject\",\"inLanguage\":\"es\",\"@id\":\"https:\\\/\\\/renlink.es\\\/#\\\/schema\\\/logo\\\/image\\\/\",\"url\":\"https:\\\/\\\/renlink.es\\\/wp-content\\\/uploads\\\/2025\\\/12\\\/cropped-logo1.png\",\"contentUrl\":\"https:\\\/\\\/renlink.es\\\/wp-content\\\/uploads\\\/2025\\\/12\\\/cropped-logo1.png\",\"width\":227,\"height\":167,\"caption\":\"renlink.es\"},\"image\":{\"@id\":\"https:\\\/\\\/renlink.es\\\/#\\\/schema\\\/logo\\\/image\\\/\"}}]}<\/script>\n<!-- \/ Yoast SEO plugin. -->","yoast_head_json":{"title":"Selecci\u00f3n de talento - renlink.es","robots":{"index":"index","follow":"follow","max-snippet":"max-snippet:-1","max-image-preview":"max-image-preview:large","max-video-preview":"max-video-preview:-1"},"canonical":"https:\/\/renlink.es\/es_es\/servicios-seleccion-talento\/","og_locale":"es_ES","og_type":"article","og_title":"Selecci\u00f3n de talento - renlink.es","og_description":"Nuestros servicios . Tu crecimiento empieza con las personas que eliges Te ayudamos a encontrarlas . En 14 d\u00edas y en 4 pasos \u00bfAlguna duda?","og_url":"https:\/\/renlink.es\/es_es\/servicios-seleccion-talento\/","og_site_name":"renlink.es","article_modified_time":"2025-12-07T22:38:41+00:00","twitter_card":"summary_large_image","twitter_misc":{"Tiempo de lectura":"1 minuto"},"schema":{"@context":"https:\/\/schema.org","@graph":[{"@type":"WebPage","@id":"https:\/\/renlink.es\/servicios-seleccion-talento\/","url":"https:\/\/renlink.es\/servicios-seleccion-talento\/","name":"Selecci\u00f3n de talento - renlink.es","isPartOf":{"@id":"https:\/\/renlink.es\/#website"},"datePublished":"2025-11-22T16:40:34+00:00","dateModified":"2025-12-07T22:38:41+00:00","breadcrumb":{"@id":"https:\/\/renlink.es\/servicios-seleccion-talento\/#breadcrumb"},"inLanguage":"es","potentialAction":[{"@type":"ReadAction","target":["https:\/\/renlink.es\/servicios-seleccion-talento\/"]}]},{"@type":"BreadcrumbList","@id":"https:\/\/renlink.es\/servicios-seleccion-talento\/#breadcrumb","itemListElement":[{"@type":"ListItem","position":1,"name":"Portada","item":"https:\/\/renlink.es\/"},{"@type":"ListItem","position":2,"name":"Selecci\u00f3n de talento"}]},{"@type":"WebSite","@id":"https:\/\/renlink.es\/#website","url":"https:\/\/renlink.es\/","name":"renlink.es","description":"","publisher":{"@id":"https:\/\/renlink.es\/#organization"},"potentialAction":[{"@type":"SearchAction","target":{"@type":"EntryPoint","urlTemplate":"https:\/\/renlink.es\/?s={search_term_string}"},"query-input":{"@type":"PropertyValueSpecification","valueRequired":true,"valueName":"search_term_string"}}],"inLanguage":"es"},{"@type":"Organization","@id":"https:\/\/renlink.es\/#organization","name":"renlink.es","url":"https:\/\/renlink.es\/","logo":{"@type":"ImageObject","inLanguage":"es","@id":"https:\/\/renlink.es\/#\/schema\/logo\/image\/","url":"https:\/\/renlink.es\/wp-content\/uploads\/2025\/12\/cropped-logo1.png","contentUrl":"https:\/\/renlink.es\/wp-content\/uploads\/2025\/12\/cropped-logo1.png","width":227,"height":167,"caption":"renlink.es"},"image":{"@id":"https:\/\/renlink.es\/#\/schema\/logo\/image\/"}}]}},"_hostinger_reach_plugin_has_subscription_block":false,"_hostinger_reach_plugin_is_elementor":false,"uagb_featured_image_src":{"full":false,"thumbnail":false,"medium":false,"medium_large":false,"large":false,"1536x1536":false,"2048x2048":false,"trp-custom-language-flag":false},"uagb_author_info":{"display_name":"sh.lzh98@gmail.com","author_link":"https:\/\/renlink.es\/es_es\/author\/sh-lzh98gmail-com\/"},"uagb_comment_info":0,"uagb_excerpt":"Nuestros servicios . Tu crecimiento empieza con las personas que eliges Te ayudamos a encontrarlas . En 14 d\u00edas y en 4 pasos \u00bfAlguna duda?","_links":{"self":[{"href":"https:\/\/renlink.es\/es_es\/wp-json\/wp\/v2\/pages\/2280","targetHints":{"allow":["GET"]}}],"collection":[{"href":"https:\/\/renlink.es\/es_es\/wp-json\/wp\/v2\/pages"}],"about":[{"href":"https:\/\/renlink.es\/es_es\/wp-json\/wp\/v2\/types\/page"}],"author":[{"embeddable":true,"href":"https:\/\/renlink.es\/es_es\/wp-json\/wp\/v2\/users\/1"}],"replies":[{"embeddable":true,"href":"https:\/\/renlink.es\/es_es\/wp-json\/wp\/v2\/comments?post=2280"}],"version-history":[{"count":118,"href":"https:\/\/renlink.es\/es_es\/wp-json\/wp\/v2\/pages\/2280\/revisions"}],"predecessor-version":[{"id":2856,"href":"https:\/\/renlink.es\/es_es\/wp-json\/wp\/v2\/pages\/2280\/revisions\/2856"}],"wp:attachment":[{"href":"https:\/\/renlink.es\/es_es\/wp-json\/wp\/v2\/media?parent=2280"}],"curies":[{"name":"wp","href":"https:\/\/api.w.org\/{rel}","templated":true}]}}